{"id":969,"date":"2024-09-02T18:54:42","date_gmt":"2024-09-02T18:54:42","guid":{"rendered":"https:\/\/ninenine.dogaonline.com.tr\/?page_id=969"},"modified":"2024-09-02T18:55:28","modified_gmt":"2024-09-02T18:55:28","slug":"services","status":"publish","type":"page","link":"https:\/\/ninenine-99.com\/tr\/services\/","title":{"rendered":"Hizmetler"},"content":{"rendered":"<div data-elementor-type=\"wp-page\" data-elementor-id=\"969\" class=\"elementor elementor-969\">\n\t\t\t\t<div class=\"elementor-element elementor-element-ccab921 e-flex e-con-boxed e-con e-parent\" data-id=\"ccab921\" data-element_type=\"container\" data-settings=\"{&quot;background_background&quot;:&quot;classic&quot;}\">\n\t\t\t\t\t<div class=\"e-con-inner\">\n\t\t<div class=\"elementor-element elementor-element-32dafc7 e-con-full e-flex e-con e-child\" data-id=\"32dafc7\" data-element_type=\"container\">\n\t\t\t\t<div class=\"elementor-element elementor-element-b66e569 elementor-widget-divider--view-line elementor-widget elementor-widget-divider\" data-id=\"b66e569\" data-element_type=\"widget\" data-widget_type=\"divider.default\">\n\t\t\t\t<div class=\"elementor-widget-container\">\n\t\t\t<style>\/*! elementor - v3.23.0 - 05-08-2024 *\/\n.elementor-widget-divider{--divider-border-style:none;--divider-border-width:1px;--divider-color:#0c0d0e;--divider-icon-size:20px;--divider-element-spacing:10px;--divider-pattern-height:24px;--divider-pattern-size:20px;--divider-pattern-url:none;--divider-pattern-repeat:repeat-x}.elementor-widget-divider .elementor-divider{display:flex}.elementor-widget-divider .elementor-divider__text{font-size:15px;line-height:1;max-width:95%}.elementor-widget-divider .elementor-divider__element{margin:0 var(--divider-element-spacing);flex-shrink:0}.elementor-widget-divider .elementor-icon{font-size:var(--divider-icon-size)}.elementor-widget-divider .elementor-divider-separator{display:flex;margin:0;direction:ltr}.elementor-widget-divider--view-line_icon .elementor-divider-separator,.elementor-widget-divider--view-line_text .elementor-divider-separator{align-items:center}.elementor-widget-divider--view-line_icon .elementor-divider-separator:after,.elementor-widget-divider--view-line_icon .elementor-divider-separator:before,.elementor-widget-divider--view-line_text .elementor-divider-separator:after,.elementor-widget-divider--view-line_text .elementor-divider-separator:before{display:block;content:\"\";border-block-end:0;flex-grow:1;border-block-start:var(--divider-border-width) var(--divider-border-style) var(--divider-color)}.elementor-widget-divider--element-align-left .elementor-divider .elementor-divider-separator>.elementor-divider__svg:first-of-type{flex-grow:0;flex-shrink:100}.elementor-widget-divider--element-align-left .elementor-divider-separator:before{content:none}.elementor-widget-divider--element-align-left .elementor-divider__element{margin-left:0}.elementor-widget-divider--element-align-right .elementor-divider .elementor-divider-separator>.elementor-divider__svg:last-of-type{flex-grow:0;flex-shrink:100}.elementor-widget-divider--element-align-right .elementor-divider-separator:after{content:none}.elementor-widget-divider--element-align-right .elementor-divider__element{margin-right:0}.elementor-widget-divider--element-align-start .elementor-divider .elementor-divider-separator>.elementor-divider__svg:first-of-type{flex-grow:0;flex-shrink:100}.elementor-widget-divider--element-align-start .elementor-divider-separator:before{content:none}.elementor-widget-divider--element-align-start .elementor-divider__element{margin-inline-start:0}.elementor-widget-divider--element-align-end .elementor-divider .elementor-divider-separator>.elementor-divider__svg:last-of-type{flex-grow:0;flex-shrink:100}.elementor-widget-divider--element-align-end .elementor-divider-separator:after{content:none}.elementor-widget-divider--element-align-end .elementor-divider__element{margin-inline-end:0}.elementor-widget-divider:not(.elementor-widget-divider--view-line_text):not(.elementor-widget-divider--view-line_icon) .elementor-divider-separator{border-block-start:var(--divider-border-width) var(--divider-border-style) var(--divider-color)}.elementor-widget-divider--separator-type-pattern{--divider-border-style:none}.elementor-widget-divider--separator-type-pattern.elementor-widget-divider--view-line .elementor-divider-separator,.elementor-widget-divider--separator-type-pattern:not(.elementor-widget-divider--view-line) .elementor-divider-separator:after,.elementor-widget-divider--separator-type-pattern:not(.elementor-widget-divider--view-line) .elementor-divider-separator:before,.elementor-widget-divider--separator-type-pattern:not([class*=elementor-widget-divider--view]) .elementor-divider-separator{width:100%;min-height:var(--divider-pattern-height);-webkit-mask-size:var(--divider-pattern-size) 100%;mask-size:var(--divider-pattern-size) 100%;-webkit-mask-repeat:var(--divider-pattern-repeat);mask-repeat:var(--divider-pattern-repeat);background-color:var(--divider-color);-webkit-mask-image:var(--divider-pattern-url);mask-image:var(--divider-pattern-url)}.elementor-widget-divider--no-spacing{--divider-pattern-size:auto}.elementor-widget-divider--bg-round{--divider-pattern-repeat:round}.rtl .elementor-widget-divider .elementor-divider__text{direction:rtl}.e-con-inner>.elementor-widget-divider,.e-con>.elementor-widget-divider{width:var(--container-widget-width,100%);--flex-grow:var(--container-widget-flex-grow)}<\/style>\t\t<div class=\"elementor-divider\">\n\t\t\t<span class=\"elementor-divider-separator\">\n\t\t\t\t\t\t<\/span>\n\t\t<\/div>\n\t\t\t\t<\/div>\n\t\t\t\t<\/div>\n\t\t\t\t<\/div>\n\t\t<div class=\"elementor-element elementor-element-a61f09b e-con-full e-flex e-con e-child\" data-id=\"a61f09b\" data-element_type=\"container\">\n\t\t\t\t<div class=\"elementor-element elementor-element-fffa987 elementor-position-top elementor-widget elementor-widget-image-box\" data-id=\"fffa987\" data-element_type=\"widget\" data-widget_type=\"image-box.default\">\n\t\t\t\t<div class=\"elementor-widget-container\">\n\t\t\t<style>\/*! elementor - v3.23.0 - 05-08-2024 *\/\n.elementor-widget-image-box .elementor-image-box-content{width:100%}@media (min-width:768px){.elementor-widget-image-box.elementor-position-left .elementor-image-box-wrapper,.elementor-widget-image-box.elementor-position-right .elementor-image-box-wrapper{display:flex}.elementor-widget-image-box.elementor-position-right .elementor-image-box-wrapper{text-align:end;flex-direction:row-reverse}.elementor-widget-image-box.elementor-position-left .elementor-image-box-wrapper{text-align:start;flex-direction:row}.elementor-widget-image-box.elementor-position-top .elementor-image-box-img{margin:auto}.elementor-widget-image-box.elementor-vertical-align-top .elementor-image-box-wrapper{align-items:flex-start}.elementor-widget-image-box.elementor-vertical-align-middle .elementor-image-box-wrapper{align-items:center}.elementor-widget-image-box.elementor-vertical-align-bottom .elementor-image-box-wrapper{align-items:flex-end}}@media (max-width:767px){.elementor-widget-image-box .elementor-image-box-img{margin-left:auto!important;margin-right:auto!important;margin-bottom:15px}}.elementor-widget-image-box .elementor-image-box-img{display:inline-block}.elementor-widget-image-box .elementor-image-box-title a{color:inherit}.elementor-widget-image-box .elementor-image-box-wrapper{text-align:center}.elementor-widget-image-box .elementor-image-box-description{margin:0}<\/style><div class=\"elementor-image-box-wrapper\"><figure class=\"elementor-image-box-img\"><a href=\"#\" tabindex=\"-1\"><img fetchpriority=\"high\" decoding=\"async\" width=\"800\" height=\"800\" src=\"https:\/\/ninenine-99.com\/wp-content\/uploads\/2024\/09\/5f9d283ee75de.jpg\" class=\"attachment-full size-full wp-image-957\" alt=\"\" srcset=\"https:\/\/ninenine-99.com\/wp-content\/uploads\/2024\/09\/5f9d283ee75de.jpg 800w, https:\/\/ninenine-99.com\/wp-content\/uploads\/2024\/09\/5f9d283ee75de-300x300.jpg 300w, https:\/\/ninenine-99.com\/wp-content\/uploads\/2024\/09\/5f9d283ee75de-150x150.jpg 150w, https:\/\/ninenine-99.com\/wp-content\/uploads\/2024\/09\/5f9d283ee75de-768x768.jpg 768w, https:\/\/ninenine-99.com\/wp-content\/uploads\/2024\/09\/5f9d283ee75de-600x600.jpg 600w, https:\/\/ninenine-99.com\/wp-content\/uploads\/2024\/09\/5f9d283ee75de-100x100.jpg 100w, https:\/\/ninenine-99.com\/wp-content\/uploads\/2024\/09\/5f9d283ee75de-64x64.jpg 64w\" sizes=\"(max-width: 800px) 100vw, 800px\" \/><\/a><\/figure><div class=\"elementor-image-box-content\"><h3 class=\"elementor-image-box-title\"><a href=\"#\">G\u00fcmr\u00fck \u0130\u015flemleri<\/a><\/h3><p class=\"elementor-image-box-description\">Detaylar\u0131 G\u00f6r\u00fcnt\u00fcle<\/p><\/div><\/div>\t\t<\/div>\n\t\t\t\t<\/div>\n\t\t\t\t<\/div>\n\t\t<div class=\"elementor-element elementor-element-8515dfb e-con-full e-flex e-con e-child\" data-id=\"8515dfb\" data-element_type=\"container\">\n\t\t\t\t<div class=\"elementor-element elementor-element-b08aed9 elementor-position-top elementor-widget elementor-widget-image-box\" data-id=\"b08aed9\" data-element_type=\"widget\" data-widget_type=\"image-box.default\">\n\t\t\t\t<div class=\"elementor-widget-container\">\n\t\t\t<div class=\"elementor-image-box-wrapper\"><figure class=\"elementor-image-box-img\"><a href=\"#\" tabindex=\"-1\"><img decoding=\"async\" width=\"390\" height=\"390\" src=\"https:\/\/ninenine-99.com\/wp-content\/uploads\/2024\/09\/carrierweb_logistica1-390x390-1.jpg\" class=\"attachment-full size-full wp-image-958\" alt=\"\" srcset=\"https:\/\/ninenine-99.com\/wp-content\/uploads\/2024\/09\/carrierweb_logistica1-390x390-1.jpg 390w, https:\/\/ninenine-99.com\/wp-content\/uploads\/2024\/09\/carrierweb_logistica1-390x390-1-300x300.jpg 300w, https:\/\/ninenine-99.com\/wp-content\/uploads\/2024\/09\/carrierweb_logistica1-390x390-1-150x150.jpg 150w, https:\/\/ninenine-99.com\/wp-content\/uploads\/2024\/09\/carrierweb_logistica1-390x390-1-100x100.jpg 100w, https:\/\/ninenine-99.com\/wp-content\/uploads\/2024\/09\/carrierweb_logistica1-390x390-1-64x64.jpg 64w\" sizes=\"(max-width: 390px) 100vw, 390px\" \/><\/a><\/figure><div class=\"elementor-image-box-content\"><h3 class=\"elementor-image-box-title\"><a href=\"#\">Depolama<\/a><\/h3><p class=\"elementor-image-box-description\">Detaylar\u0131 G\u00f6r\u00fcnt\u00fcle<\/p><\/div><\/div>\t\t<\/div>\n\t\t\t\t<\/div>\n\t\t\t\t<\/div>\n\t\t<div class=\"elementor-element elementor-element-86b9736 e-con-full e-flex e-con e-child\" data-id=\"86b9736\" data-element_type=\"container\">\n\t\t\t\t<div class=\"elementor-element elementor-element-ea2195b elementor-position-top elementor-widget elementor-widget-image-box\" data-id=\"ea2195b\" data-element_type=\"widget\" data-widget_type=\"image-box.default\">\n\t\t\t\t<div class=\"elementor-widget-container\">\n\t\t\t<div class=\"elementor-image-box-wrapper\"><figure class=\"elementor-image-box-img\"><a href=\"#\" tabindex=\"-1\"><img decoding=\"async\" width=\"1024\" height=\"1024\" src=\"https:\/\/ninenine-99.com\/wp-content\/uploads\/2024\/09\/Giro-de-estoque-1-1024x1024-1.png\" class=\"attachment-full size-full wp-image-959\" alt=\"\" srcset=\"https:\/\/ninenine-99.com\/wp-content\/uploads\/2024\/09\/Giro-de-estoque-1-1024x1024-1.png 1024w, https:\/\/ninenine-99.com\/wp-content\/uploads\/2024\/09\/Giro-de-estoque-1-1024x1024-1-300x300.png 300w, https:\/\/ninenine-99.com\/wp-content\/uploads\/2024\/09\/Giro-de-estoque-1-1024x1024-1-150x150.png 150w, https:\/\/ninenine-99.com\/wp-content\/uploads\/2024\/09\/Giro-de-estoque-1-1024x1024-1-768x768.png 768w, https:\/\/ninenine-99.com\/wp-content\/uploads\/2024\/09\/Giro-de-estoque-1-1024x1024-1-600x600.png 600w, https:\/\/ninenine-99.com\/wp-content\/uploads\/2024\/09\/Giro-de-estoque-1-1024x1024-1-100x100.png 100w, https:\/\/ninenine-99.com\/wp-content\/uploads\/2024\/09\/Giro-de-estoque-1-1024x1024-1-64x64.png 64w\" sizes=\"(max-width: 1024px) 100vw, 1024px\" \/><\/a><\/figure><div class=\"elementor-image-box-content\"><h3 class=\"elementor-image-box-title\"><a href=\"#\">\u00dcr\u00fcn Denetimi<\/a><\/h3><p class=\"elementor-image-box-description\">Detaylar\u0131 G\u00f6r\u00fcnt\u00fcle<\/p><\/div><\/div>\t\t<\/div>\n\t\t\t\t<\/div>\n\t\t\t\t<\/div>\n\t\t<div class=\"elementor-element elementor-element-9f4543e e-con-full e-flex e-con e-child\" data-id=\"9f4543e\" data-element_type=\"container\">\n\t\t\t\t<div class=\"elementor-element elementor-element-f7fb750 elementor-position-top elementor-widget elementor-widget-image-box\" data-id=\"f7fb750\" data-element_type=\"widget\" data-widget_type=\"image-box.default\">\n\t\t\t\t<div class=\"elementor-widget-container\">\n\t\t\t<div class=\"elementor-image-box-wrapper\"><figure class=\"elementor-image-box-img\"><a href=\"#\" tabindex=\"-1\"><img loading=\"lazy\" decoding=\"async\" width=\"1200\" height=\"1200\" src=\"https:\/\/ninenine-99.com\/wp-content\/uploads\/2024\/09\/container-loading.png\" class=\"attachment-full size-full wp-image-960\" alt=\"\" srcset=\"https:\/\/ninenine-99.com\/wp-content\/uploads\/2024\/09\/container-loading.png 1200w, https:\/\/ninenine-99.com\/wp-content\/uploads\/2024\/09\/container-loading-300x300.png 300w, https:\/\/ninenine-99.com\/wp-content\/uploads\/2024\/09\/container-loading-1024x1024.png 1024w, https:\/\/ninenine-99.com\/wp-content\/uploads\/2024\/09\/container-loading-150x150.png 150w, https:\/\/ninenine-99.com\/wp-content\/uploads\/2024\/09\/container-loading-768x768.png 768w, https:\/\/ninenine-99.com\/wp-content\/uploads\/2024\/09\/container-loading-600x600.png 600w, https:\/\/ninenine-99.com\/wp-content\/uploads\/2024\/09\/container-loading-100x100.png 100w, https:\/\/ninenine-99.com\/wp-content\/uploads\/2024\/09\/container-loading-64x64.png 64w\" sizes=\"(max-width: 1200px) 100vw, 1200px\" \/><\/a><\/figure><div class=\"elementor-image-box-content\"><h3 class=\"elementor-image-box-title\"><a href=\"#\">Konteyner Y\u00fckleme<\/a><\/h3><p class=\"elementor-image-box-description\">Detaylar\u0131 G\u00f6r\u00fcnt\u00fcle<\/p><\/div><\/div>\t\t<\/div>\n\t\t\t\t<\/div>\n\t\t\t\t<\/div>\n\t\t<div class=\"elementor-element elementor-element-37bb46b e-con-full e-flex e-con e-child\" data-id=\"37bb46b\" data-element_type=\"container\">\n\t\t\t\t<div class=\"elementor-element elementor-element-4636830 elementor-position-top elementor-widget elementor-widget-image-box\" data-id=\"4636830\" data-element_type=\"widget\" data-widget_type=\"image-box.default\">\n\t\t\t\t<div class=\"elementor-widget-container\">\n\t\t\t<div class=\"elementor-image-box-wrapper\"><figure class=\"elementor-image-box-img\"><a href=\"#\" tabindex=\"-1\"><img loading=\"lazy\" decoding=\"async\" width=\"1080\" height=\"1080\" src=\"https:\/\/ninenine-99.com\/wp-content\/uploads\/2024\/09\/Untitled-design-13.webp\" class=\"attachment-full size-full wp-image-965\" alt=\"\" srcset=\"https:\/\/ninenine-99.com\/wp-content\/uploads\/2024\/09\/Untitled-design-13.webp 1080w, https:\/\/ninenine-99.com\/wp-content\/uploads\/2024\/09\/Untitled-design-13-300x300.webp 300w, https:\/\/ninenine-99.com\/wp-content\/uploads\/2024\/09\/Untitled-design-13-1024x1024.webp 1024w, https:\/\/ninenine-99.com\/wp-content\/uploads\/2024\/09\/Untitled-design-13-150x150.webp 150w, https:\/\/ninenine-99.com\/wp-content\/uploads\/2024\/09\/Untitled-design-13-768x768.webp 768w, https:\/\/ninenine-99.com\/wp-content\/uploads\/2024\/09\/Untitled-design-13-600x600.webp 600w, https:\/\/ninenine-99.com\/wp-content\/uploads\/2024\/09\/Untitled-design-13-100x100.webp 100w, https:\/\/ninenine-99.com\/wp-content\/uploads\/2024\/09\/Untitled-design-13-64x64.webp 64w\" sizes=\"(max-width: 1080px) 100vw, 1080px\" \/><\/a><\/figure><div class=\"elementor-image-box-content\"><h3 class=\"elementor-image-box-title\"><a href=\"#\">Elle\u00e7leme<\/a><\/h3><p class=\"elementor-image-box-description\">Detaylar\u0131 G\u00f6r\u00fcnt\u00fcle<\/p><\/div><\/div>\t\t<\/div>\n\t\t\t\t<\/div>\n\t\t\t\t<\/div>\n\t\t\t\t\t<\/div>\n\t\t\t\t<\/div>\n\t\t\t\t<\/div>","protected":false},"excerpt":{"rendered":"<p>Customs Clearance View Details Storage View Details Product Inspection View Details Container Loading View Details Handling View Details<\/p>","protected":false},"author":1,"featured_media":0,"parent":0,"menu_order":0,"comment_status":"closed","ping_status":"closed","template":"","meta":{"_acf_changed":false,"footnotes":""},"class_list":["post-969","page","type-page","status-publish","hentry"],"acf":[],"_links":{"self":[{"href":"https:\/\/ninenine-99.com\/tr\/wp-json\/wp\/v2\/pages\/969","targetHints":{"allow":["GET"]}}],"collection":[{"href":"https:\/\/ninenine-99.com\/tr\/wp-json\/wp\/v2\/pages"}],"about":[{"href":"https:\/\/ninenine-99.com\/tr\/wp-json\/wp\/v2\/types\/page"}],"author":[{"embeddable":true,"href":"https:\/\/ninenine-99.com\/tr\/wp-json\/wp\/v2\/users\/1"}],"replies":[{"embeddable":true,"href":"https:\/\/ninenine-99.com\/tr\/wp-json\/wp\/v2\/comments?post=969"}],"version-history":[{"count":4,"href":"https:\/\/ninenine-99.com\/tr\/wp-json\/wp\/v2\/pages\/969\/revisions"}],"predecessor-version":[{"id":973,"href":"https:\/\/ninenine-99.com\/tr\/wp-json\/wp\/v2\/pages\/969\/revisions\/973"}],"wp:attachment":[{"href":"https:\/\/ninenine-99.com\/tr\/wp-json\/wp\/v2\/media?parent=969"}],"curies":[{"name":"wp","href":"https:\/\/api.w.org\/{rel}","templated":true}]}}