{"id":980,"date":"2024-09-02T18:57:21","date_gmt":"2024-09-02T18:57:21","guid":{"rendered":"https:\/\/ninenine.dogaonline.com.tr\/?page_id=980"},"modified":"2024-09-15T10:45:00","modified_gmt":"2024-09-15T10:45:00","slug":"container-loading","status":"publish","type":"page","link":"https:\/\/ninenine-99.com\/tr\/services\/container-loading\/","title":{"rendered":"Konteyner Y\u00fckleme"},"content":{"rendered":"<div data-elementor-type=\"wp-page\" data-elementor-id=\"980\" class=\"elementor elementor-980\">\n\t\t\t\t<div class=\"elementor-element elementor-element-ac16bd6 e-flex e-con-boxed e-con e-parent\" data-id=\"ac16bd6\" data-element_type=\"container\">\n\t\t\t\t\t<div class=\"e-con-inner\">\n\t\t<div class=\"elementor-element elementor-element-71124de e-con-full e-flex e-con e-child\" data-id=\"71124de\" data-element_type=\"container\">\n\t\t\t\t<div class=\"elementor-element elementor-element-58d8130 elementor-widget elementor-widget-image\" data-id=\"58d8130\" data-element_type=\"widget\" data-widget_type=\"image.default\">\n\t\t\t\t<div class=\"elementor-widget-container\">\n\t\t\t<style>\/*! elementor - v3.23.0 - 05-08-2024 *\/\n.elementor-widget-image{text-align:center}.elementor-widget-image a{display:inline-block}.elementor-widget-image a img[src$=\".svg\"]{width:48px}.elementor-widget-image img{vertical-align:middle;display:inline-block}<\/style>\t\t\t\t\t\t\t\t\t\t<img decoding=\"async\" src=\"https:\/\/ninenine-99.com\/wp-content\/uploads\/elementor\/thumbs\/container-loading-qtj1nzk2xicgorxux418idgxfm0rgqsdwoqru4bh5s.png\" title=\"container-loading\" alt=\"container-loading\" loading=\"lazy\" \/>\t\t\t\t\t\t\t\t\t\t\t\t\t<\/div>\n\t\t\t\t<\/div>\n\t\t\t\t<div class=\"elementor-element elementor-element-0c0e104 elementor-widget elementor-widget-text-editor\" data-id=\"0c0e104\" data-element_type=\"widget\" data-widget_type=\"text-editor.default\">\n\t\t\t\t<div class=\"elementor-widget-container\">\n\t\t\t<style>\/*! elementor - v3.23.0 - 05-08-2024 *\/\n.elementor-widget-text-editor.elementor-drop-cap-view-stacked .elementor-drop-cap{background-color:#69727d;color:#fff}.elementor-widget-text-editor.elementor-drop-cap-view-framed .elementor-drop-cap{color:#69727d;border:3px solid;background-color:transparent}.elementor-widget-text-editor:not(.elementor-drop-cap-view-default) .elementor-drop-cap{margin-top:8px}.elementor-widget-text-editor:not(.elementor-drop-cap-view-default) .elementor-drop-cap-letter{width:1em;height:1em}.elementor-widget-text-editor .elementor-drop-cap{float:left;text-align:center;line-height:1;font-size:50px}.elementor-widget-text-editor .elementor-drop-cap-letter{display:inline-block}<\/style>\t\t\t\t<p class=\"first-token\" data-sourcepos=\"1:1-1:21\"><strong>Container loading<\/strong> is the process of securely packing and arranging goods within a shipping container for transportation. It&#8217;s a critical step in the logistics supply chain, as proper loading ensures the safe and efficient movement of goods over long distances.<\/p><p data-sourcepos=\"3:1-3:44\"><strong>Key considerations in container loading:<\/strong><\/p><ul data-sourcepos=\"5:1-5:47\"><li data-sourcepos=\"5:1-5:47\"><strong>Weight distribution:<\/strong> Goods must be evenly distributed within the container to prevent shifting and damage during transit.<\/li><li data-sourcepos=\"6:1-6:106\"><strong>Stowage planning:<\/strong> Careful planning is required to maximize space utilization and avoid empty spaces.<\/li><li data-sourcepos=\"7:1-7:63\"><strong>Security:<\/strong> Goods must be secured to prevent theft or loss.<\/li><li data-sourcepos=\"8:1-8:113\"><strong>Hazard identification:<\/strong> Hazardous materials must be identified and properly packaged and stowed according to regulations.<\/li><li data-sourcepos=\"9:1-10:0\"><strong>Documentation:<\/strong> Accurate documentation is essential for customs clearance and insurance purposes.<\/li><\/ul><p data-sourcepos=\"11:1-11:27\"><strong>Common loading methods:<\/strong><\/p><ul data-sourcepos=\"13:1-16:0\"><li data-sourcepos=\"13:1-13:77\"><strong>Floor loading:<\/strong> Goods are placed directly on the floor of the container.<\/li><li data-sourcepos=\"14:1-14:83\"><strong>Pallet loading:<\/strong> Goods are placed on pallets for easier handling and stacking.<\/li><li data-sourcepos=\"15:1-16:0\"><strong>Bulk loading:<\/strong> Loose materials, such as grains or sand, are loaded directly into the container.<\/li><\/ul><p data-sourcepos=\"17:1-17:41\"><strong>Benefits of proper container loading:<\/strong><\/p><ul data-sourcepos=\"19:1-21:31\"><li data-sourcepos=\"19:1-19:92\"><strong>Reduced damage:<\/strong> Proper loading helps to prevent damage to goods during transportation.<\/li><li data-sourcepos=\"20:1-20:106\"><strong>Improved efficiency:<\/strong> Efficient loading maximizes space utilization and reduces transportation costs.<\/li><li data-sourcepos=\"21:1-21:31\"><strong>Enhanced security:<\/strong> Secure loading helps to prevent theft and loss.<\/li><li data-sourcepos=\"22:1-23:0\"><strong>Compliance:<\/strong> Proper loading ensures compliance with shipping regulations and standards.<\/li><\/ul>\t\t\t\t\t\t<\/div>\n\t\t\t\t<\/div>\n\t\t\t\t<\/div>\n\t\t<div class=\"elementor-element elementor-element-6101f66 e-con-full e-flex e-con e-child\" data-id=\"6101f66\" data-element_type=\"container\" data-settings=\"{&quot;background_background&quot;:&quot;classic&quot;}\">\n\t\t\t\t<div class=\"elementor-element elementor-element-2c04048 elementor-widget elementor-widget-heading\" data-id=\"2c04048\" data-element_type=\"widget\" data-widget_type=\"heading.default\">\n\t\t\t\t<div class=\"elementor-widget-container\">\n\t\t\t<style>\/*! elementor - v3.23.0 - 05-08-2024 *\/\n.elementor-heading-title{padding:0;margin:0;line-height:1}.elementor-widget-heading .elementor-heading-title[class*=elementor-size-]>a{color:inherit;font-size:inherit;line-height:inherit}.elementor-widget-heading .elementor-heading-title.elementor-size-small{font-size:15px}.elementor-widget-heading .elementor-heading-title.elementor-size-medium{font-size:19px}.elementor-widget-heading .elementor-heading-title.elementor-size-large{font-size:29px}.elementor-widget-heading .elementor-heading-title.elementor-size-xl{font-size:39px}.elementor-widget-heading .elementor-heading-title.elementor-size-xxl{font-size:59px}<\/style><h2 class=\"elementor-heading-title elementor-size-default\">Hizmetlerimiz<\/h2>\t\t<\/div>\n\t\t\t\t<\/div>\n\t\t\t\t<div class=\"elementor-element elementor-element-8061079 elementor-icon-list--layout-traditional elementor-list-item-link-full_width elementor-widget elementor-widget-icon-list\" data-id=\"8061079\" data-element_type=\"widget\" data-widget_type=\"icon-list.default\">\n\t\t\t\t<div class=\"elementor-widget-container\">\n\t\t\t<link rel=\"stylesheet\" href=\"https:\/\/ninenine-99.com\/wp-content\/plugins\/elementor\/assets\/css\/widget-icon-list.min.css\">\t\t<ul class=\"elementor-icon-list-items\">\n\t\t\t\t\t\t\t<li class=\"elementor-icon-list-item\">\n\t\t\t\t\t\t\t\t\t\t\t<a href=\"https:\/\/ninenine-99.com\/tr\/services\/customs-clearance\/\">\n\n\t\t\t\t\t\t\t\t\t\t\t<span class=\"elementor-icon-list-text\">G\u00fcmr\u00fck \u0130\u015flemleri<\/span>\n\t\t\t\t\t\t\t\t\t\t\t<\/a>\n\t\t\t\t\t\t\t\t\t<\/li>\n\t\t\t\t\t\t\t\t<li class=\"elementor-icon-list-item\">\n\t\t\t\t\t\t\t\t\t\t\t<a href=\"https:\/\/ninenine-99.com\/tr\/services\/storage\/\">\n\n\t\t\t\t\t\t\t\t\t\t\t<span class=\"elementor-icon-list-text\">Depolama<\/span>\n\t\t\t\t\t\t\t\t\t\t\t<\/a>\n\t\t\t\t\t\t\t\t\t<\/li>\n\t\t\t\t\t\t\t\t<li class=\"elementor-icon-list-item\">\n\t\t\t\t\t\t\t\t\t\t\t<a href=\"https:\/\/ninenine-99.com\/tr\/services\/handling\/\">\n\n\t\t\t\t\t\t\t\t\t\t\t<span class=\"elementor-icon-list-text\">Elle\u00e7leme<\/span>\n\t\t\t\t\t\t\t\t\t\t\t<\/a>\n\t\t\t\t\t\t\t\t\t<\/li>\n\t\t\t\t\t\t\t\t<li class=\"elementor-icon-list-item\">\n\t\t\t\t\t\t\t\t\t\t\t<a href=\"https:\/\/ninenine-99.com\/tr\/services\/container-loading\/\">\n\n\t\t\t\t\t\t\t\t\t\t\t<span class=\"elementor-icon-list-text\">Konteyner Y\u00fckleme<\/span>\n\t\t\t\t\t\t\t\t\t\t\t<\/a>\n\t\t\t\t\t\t\t\t\t<\/li>\n\t\t\t\t\t\t\t\t<li class=\"elementor-icon-list-item\">\n\t\t\t\t\t\t\t\t\t\t\t<a href=\"https:\/\/ninenine-99.com\/tr\/services\/product-inspection\/\">\n\n\t\t\t\t\t\t\t\t\t\t\t<span class=\"elementor-icon-list-text\">\u00dcr\u00fcn Denetimi<\/span>\n\t\t\t\t\t\t\t\t\t\t\t<\/a>\n\t\t\t\t\t\t\t\t\t<\/li>\n\t\t\t\t\t\t<\/ul>\n\t\t\t\t<\/div>\n\t\t\t\t<\/div>\n\t\t\t\t<div class=\"elementor-element elementor-element-fee7f0a elementor-widget elementor-widget-heading\" data-id=\"fee7f0a\" data-element_type=\"widget\" data-widget_type=\"heading.default\">\n\t\t\t\t<div class=\"elementor-widget-container\">\n\t\t\t<h2 class=\"elementor-heading-title elementor-size-default\">Bize Ula\u015f\u0131n<\/h2>\t\t<\/div>\n\t\t\t\t<\/div>\n\t\t\t\t<div class=\"elementor-element elementor-element-1d8190c elementor-list-item-link-inline elementor-icon-list--layout-traditional elementor-widget elementor-widget-icon-list\" data-id=\"1d8190c\" data-element_type=\"widget\" data-widget_type=\"icon-list.default\">\n\t\t\t\t<div class=\"elementor-widget-container\">\n\t\t\t\t\t<ul class=\"elementor-icon-list-items\">\n\t\t\t\t\t\t\t<li class=\"elementor-icon-list-item\">\n\t\t\t\t\t\t\t\t\t\t\t<span class=\"elementor-icon-list-icon\">\n\t\t\t\t\t\t\t<svg xmlns=\"http:\/\/www.w3.org\/2000\/svg\" height=\"24\" width=\"24\" viewbox=\"0 0 24 24\"><title>Calling<\/title><g class=\"nc-icon-wrapper\"><path opacity=\"0.4\" d=\"M21 19V17.3541C21 16.5363 20.5021 15.8008 19.7428 15.4971L17.7086 14.6835C16.7429 14.2971 15.6422 14.7156 15.177 15.646L15 16C15 16 12.5 15.5 10.5 13.5C8.5 11.5 8 9 8 9L8.35402 8.82299C9.28438 8.35781 9.70285 7.25714 9.31654 6.29136L8.50289 4.25722C8.19916 3.4979 7.46374 3 6.64593 3H5C3.89543 3 3 3.89543 3 5C3 13.8366 10.1634 21 19 21C20.1046 21 21 20.1046 21 19Z\" fill=\"#28303F\"><\/path><path fill-rule=\"evenodd\" clip-rule=\"evenodd\" d=\"M12.25 7C12.25 6.58579 12.5858 6.25 13 6.25C13.6238 6.25 14.2414 6.37286 14.8177 6.61157C15.394 6.85028 15.9177 7.20016 16.3588 7.64124C16.7998 8.08232 17.1497 8.60596 17.3884 9.18225C17.6271 9.75855 17.75 10.3762 17.75 11C17.75 11.4142 17.4142 11.75 17 11.75C16.5858 11.75 16.25 11.4142 16.25 11C16.25 10.5732 16.1659 10.1506 16.0026 9.75628C15.8393 9.36197 15.5999 9.00369 15.2981 8.7019C14.9963 8.40011 14.638 8.16072 14.2437 7.99739C13.8494 7.83406 13.4268 7.75 13 7.75C12.5858 7.75 12.25 7.41421 12.25 7Z\" fill=\"#28303F\"><\/path><path fill-rule=\"evenodd\" clip-rule=\"evenodd\" d=\"M12.25 3C12.25 2.58579 12.5858 2.25 13 2.25C14.1491 2.25 15.2869 2.47633 16.3485 2.91605C17.4101 3.35578 18.3747 4.0003 19.1872 4.81282C19.9997 5.62533 20.6442 6.58992 21.0839 7.65152C21.5237 8.71312 21.75 9.85093 21.75 11C21.75 11.4142 21.4142 11.75 21 11.75C20.5858 11.75 20.25 11.4142 20.25 11C20.25 10.0479 20.0625 9.10516 19.6981 8.22554C19.3338 7.34593 18.7997 6.5467 18.1265 5.87348C17.4533 5.20025 16.6541 4.66622 15.7745 4.30187C14.8948 3.93753 13.9521 3.75 13 3.75C12.5858 3.75 12.25 3.41421 12.25 3Z\" fill=\"#28303F\"><\/path><\/g><\/svg>\t\t\t\t\t\t<\/span>\n\t\t\t\t\t\t\t\t\t\t<span class=\"elementor-icon-list-text\">Customer Service: <a href=\"#\" class=\"link\">+90 546 491 33 03<\/a><\/span>\n\t\t\t\t\t\t\t\t\t<\/li>\n\t\t\t\t\t\t\t\t<li class=\"elementor-icon-list-item\">\n\t\t\t\t\t\t\t\t\t\t\t<span class=\"elementor-icon-list-icon\">\n\t\t\t\t\t\t\t<svg xmlns=\"http:\/\/www.w3.org\/2000\/svg\" height=\"24\" width=\"24\" viewbox=\"0 0 24 24\"><title>Mail Fast<\/title><g class=\"nc-icon-wrapper\"><path opacity=\"0.4\" d=\"M18 3H6C3.79086 3 2 4.79086 2 7V17C2 19.2091 3.79086 21 6 21H18C20.2091 21 22 19.2091 22 17V7C22 4.79086 20.2091 3 18 3Z\" fill=\"#28303F\"><\/path><path fill-rule=\"evenodd\" clip-rule=\"evenodd\" d=\"M5.37604 7.58405C5.60581 7.23941 6.07146 7.14628 6.4161 7.37604L10.1973 9.89684C11.289 10.6246 12.7112 10.6246 13.8029 9.89684L17.5841 7.37604C17.9287 7.14628 18.3944 7.23941 18.6241 7.58405C18.8539 7.9287 18.7608 8.39435 18.4161 8.62412L14.6349 11.1449C13.0394 12.2086 10.9608 12.2086 9.36525 11.1449L5.58405 8.62412C5.23941 8.39435 5.14628 7.9287 5.37604 7.58405Z\" fill=\"#28303F\"><\/path><path fill-rule=\"evenodd\" clip-rule=\"evenodd\" d=\"M1.25 15C1.25 14.5858 1.58579 14.25 2 14.25H8C8.41421 14.25 8.75 14.5858 8.75 15C8.75 15.4142 8.41421 15.75 8 15.75H2C1.58579 15.75 1.25 15.4142 1.25 15Z\" fill=\"#28303F\"><\/path><path fill-rule=\"evenodd\" clip-rule=\"evenodd\" d=\"M1.25 18C1.25 17.5858 1.58579 17.25 2 17.25H8C8.41421 17.25 8.75 17.5858 8.75 18C8.75 18.4142 8.41421 18.75 8 18.75H2C1.58579 18.75 1.25 18.4142 1.25 18Z\" fill=\"#28303F\"><\/path><\/g><\/svg>\t\t\t\t\t\t<\/span>\n\t\t\t\t\t\t\t\t\t\t<span class=\"elementor-icon-list-text\">Email us at: <a href=\"#\" class=\"link\">info@ninenine-99.com<\/a><\/span>\n\t\t\t\t\t\t\t\t\t<\/li>\n\t\t\t\t\t\t\t\t<li class=\"elementor-icon-list-item\">\n\t\t\t\t\t\t\t\t\t\t\t<span class=\"elementor-icon-list-icon\">\n\t\t\t\t\t\t\t<svg xmlns=\"http:\/\/www.w3.org\/2000\/svg\" height=\"24\" width=\"24\" viewbox=\"0 0 24 24\"><title>Road Location<\/title><g class=\"nc-icon-wrapper\"><path opacity=\"0.4\" fill-rule=\"evenodd\" clip-rule=\"evenodd\" d=\"M8.38609 4C7.5524 4 6.80616 4.51714 6.51343 5.29775L2.01343 17.2978C1.52312 18.6053 2.48968 20 3.88609 20H20.1141C21.5105 20 22.4771 18.6053 21.9867 17.2978L18.3012 7.46976C18.204 7.48959 18.1032 7.5 18.0001 7.5C17.1717 7.5 16.5001 6.82843 16.5001 6C16.5001 5.4769 16.7678 5.01634 17.1738 4.74791C16.801 4.28365 16.2315 4 15.6141 4H8.38609Z\" fill=\"#28303F\"><\/path><path fill-rule=\"evenodd\" clip-rule=\"evenodd\" d=\"M18 12C20 12 22 8.20914 22 6C22 3.79086 20.2091 2 18 2C15.7909 2 14 3.79086 14 6C14 8.20914 16 12 18 12ZM18 7.5C18.8284 7.5 19.5 6.82843 19.5 6C19.5 5.17157 18.8284 4.5 18 4.5C17.1716 4.5 16.5 5.17157 16.5 6C16.5 6.82843 17.1716 7.5 18 7.5Z\" fill=\"#28303F\"><\/path><path fill-rule=\"evenodd\" clip-rule=\"evenodd\" d=\"M12 15.25C11.5858 15.25 11.25 15.5858 11.25 16V17C11.25 17.4142 11.5858 17.75 12 17.75C12.4142 17.75 12.75 17.4142 12.75 17V16C12.75 15.5858 12.4142 15.25 12 15.25Z\" fill=\"#28303F\"><\/path><path fill-rule=\"evenodd\" clip-rule=\"evenodd\" d=\"M12 10.75C11.5858 10.75 11.25 11.0858 11.25 11.5V12.5C11.25 12.9142 11.5858 13.25 12 13.25C12.4142 13.25 12.75 12.9142 12.75 12.5V11.5C12.75 11.0858 12.4142 10.75 12 10.75Z\" fill=\"#28303F\"><\/path><path fill-rule=\"evenodd\" clip-rule=\"evenodd\" d=\"M12 6.25C11.5858 6.25 11.25 6.58579 11.25 7V8C11.25 8.41421 11.5858 8.75 12 8.75C12.4142 8.75 12.75 8.41421 12.75 8V7C12.75 6.58579 12.4142 6.25 12 6.25Z\" fill=\"#28303F\"><\/path><\/g><\/svg>\t\t\t\t\t\t<\/span>\n\t\t\t\t\t\t\t\t\t\t<span class=\"elementor-icon-list-text\">Address: G\u00fcrp\u0131nar Mah. 7224 Sokak 7\/C Bornova, \u0130ZM\u0130R<\/span>\n\t\t\t\t\t\t\t\t\t<\/li>\n\t\t\t\t\t\t\t\t<li class=\"elementor-icon-list-item\">\n\t\t\t\t\t\t\t\t\t\t\t<span class=\"elementor-icon-list-icon\">\n\t\t\t\t\t\t\t<svg xmlns=\"http:\/\/www.w3.org\/2000\/svg\" height=\"24\" width=\"24\" viewbox=\"0 0 24 24\"><title>Clock Circle<\/title><g class=\"nc-icon-wrapper\"><circle opacity=\"0.4\" cx=\"12\" cy=\"12\" r=\"10\" fill=\"#28303F\"><\/circle><path fill-rule=\"evenodd\" clip-rule=\"evenodd\" d=\"M12 8.25C12.4142 8.25 12.75 8.58579 12.75 9V11.382C12.75 11.4767 12.8035 11.5632 12.8882 11.6056L14.3354 12.3292C14.7059 12.5144 14.8561 12.9649 14.6708 13.3354C14.4856 13.7059 14.0351 13.8561 13.6646 13.6708L12.2174 12.9472C11.6245 12.6508 11.25 12.0448 11.25 11.382V9C11.25 8.58579 11.5858 8.25 12 8.25Z\" fill=\"#28303F\"><\/path><\/g><\/svg>\t\t\t\t\t\t<\/span>\n\t\t\t\t\t\t\t\t\t\t<span class=\"elementor-icon-list-text\">Open Hours: Mon \u2013 Fri 6am to 5pm<\/span>\n\t\t\t\t\t\t\t\t\t<\/li>\n\t\t\t\t\t\t<\/ul>\n\t\t\t\t<\/div>\n\t\t\t\t<\/div>\n\t\t\t\t<\/div>\n\t\t\t\t\t<\/div>\n\t\t\t\t<\/div>\n\t\t\t\t<\/div>","protected":false},"excerpt":{"rendered":"<p>Container loading is the process of securely packing and arranging goods within a shipping container for transportation. It&#8217;s a critical step in the logistics supply chain, as proper loading ensures the safe and efficient movement of goods over long distances. Key considerations in container loading: Weight distribution: Goods must be evenly distributed within the container [&hellip;]<\/p>","protected":false},"author":1,"featured_media":0,"parent":969,"menu_order":0,"comment_status":"closed","ping_status":"closed","template":"","meta":{"_acf_changed":false,"footnotes":""},"class_list":["post-980","page","type-page","status-publish","hentry"],"acf":[],"_links":{"self":[{"href":"https:\/\/ninenine-99.com\/tr\/wp-json\/wp\/v2\/pages\/980","targetHints":{"allow":["GET"]}}],"collection":[{"href":"https:\/\/ninenine-99.com\/tr\/wp-json\/wp\/v2\/pages"}],"about":[{"href":"https:\/\/ninenine-99.com\/tr\/wp-json\/wp\/v2\/types\/page"}],"author":[{"embeddable":true,"href":"https:\/\/ninenine-99.com\/tr\/wp-json\/wp\/v2\/users\/1"}],"replies":[{"embeddable":true,"href":"https:\/\/ninenine-99.com\/tr\/wp-json\/wp\/v2\/comments?post=980"}],"version-history":[{"count":4,"href":"https:\/\/ninenine-99.com\/tr\/wp-json\/wp\/v2\/pages\/980\/revisions"}],"predecessor-version":[{"id":1229,"href":"https:\/\/ninenine-99.com\/tr\/wp-json\/wp\/v2\/pages\/980\/revisions\/1229"}],"up":[{"embeddable":true,"href":"https:\/\/ninenine-99.com\/tr\/wp-json\/wp\/v2\/pages\/969"}],"wp:attachment":[{"href":"https:\/\/ninenine-99.com\/tr\/wp-json\/wp\/v2\/media?parent=980"}],"curies":[{"name":"wp","href":"https:\/\/api.w.org\/{rel}","templated":true}]}}